{"id":1173,"date":"2023-05-06T10:26:10","date_gmt":"2023-05-06T10:26:10","guid":{"rendered":"https:\/\/new.dantza.com\/?post_type=product&#038;p=1173"},"modified":"2026-01-07T08:53:58","modified_gmt":"2026-01-07T08:53:58","slug":"alcachofa-3kg","status":"publish","type":"product","link":"https:\/\/www.dantza.com\/fr\/produit\/alcachofa-3kg\/","title":{"rendered":"Artichaut 3Kg"},"content":{"rendered":"<p data-start=\"402\" data-end=\"711\">Nuestra <a href=\"https:\/\/www.dantza.com\/fr\/productos\/alcachofa-de-tudela\/\"><strong data-start=\"410\" data-end=\"435\">alcachofa en conserva<\/strong><\/a> se elabora a partir de <strong data-start=\"459\" data-end=\"502\">alcachofas cuidadosamente seleccionadas<\/strong>, recolectadas en su punto \u00f3ptimo de maduraci\u00f3n para garantizar <strong data-start=\"566\" data-end=\"617\">sabor suave, textura tierna y calidad constante<\/strong>. Un producto pensado tanto para el consumo dom\u00e9stico como para <strong data-start=\"681\" data-end=\"710\">hosteler\u00eda y restauraci\u00f3n<\/strong>.<\/p>\n<p data-start=\"713\" data-end=\"908\">Las alcachofas se limpian, cortan y conservan cuidadosamente para mantener sus <strong data-start=\"792\" data-end=\"817\">propiedades naturales<\/strong>, convirti\u00e9ndose en una opci\u00f3n pr\u00e1ctica y vers\u00e1til para m\u00faltiples elaboraciones culinarias.<\/p>\n<h3 data-start=\"1344\" data-end=\"1365\">Usos recomendados<\/h3>\n<ul data-start=\"1366\" data-end=\"1499\">\n<li data-start=\"1366\" data-end=\"1394\">\n<p data-start=\"1368\" data-end=\"1394\">Salteados y guarniciones<\/p>\n<\/li>\n<li data-start=\"1395\" data-end=\"1416\">\n<p data-start=\"1397\" data-end=\"1416\">Paellas y arroces<\/p>\n<\/li>\n<li data-start=\"1417\" data-end=\"1439\">\n<p data-start=\"1419\" data-end=\"1439\">Pizzas y focaccias<\/p>\n<\/li>\n<li data-start=\"1440\" data-end=\"1463\">\n<p data-start=\"1442\" data-end=\"1463\">Ensaladas templadas<\/p>\n<\/li>\n<li data-start=\"1464\" data-end=\"1499\">\n<p data-start=\"1466\" data-end=\"1499\">Cocina mediterr\u00e1nea y profesional<\/p>\n<\/li>\n<\/ul>\n<h3 data-start=\"1506\" data-end=\"1522\">Conservaci\u00f3n<\/h3>\n<p data-start=\"1523\" data-end=\"1634\">Conservar en lugar fresco y seco. Una vez abierto el envase, mantener refrigerado y consumir antes de 3\u20134 d\u00edas.<\/p>","protected":false},"excerpt":{"rendered":"<h5>Artichaut 3Kg<\/h5>\n<p><strong>Sp\u00e9cial Foodservice<\/strong><br \/>\nLes meilleurs produits de notre potager directement dans votre \u00e9tablissement. Les produits de toujours dans des formats sp\u00e9ciaux.<\/p>","protected":false},"featured_media":3463,"template":"","meta":[],"product_brand":[],"product_cat":[66,77],"product_tag":[],"class_list":{"0":"post-1173","1":"product","2":"type-product","3":"status-publish","4":"has-post-thumbnail","6":"product_cat-foodservice","7":"product_cat-verdura-foodservice","9":"first","10":"instock","11":"shipping-taxable","12":"product-type-simple"},"_links":{"self":[{"href":"https:\/\/www.dantza.com\/fr\/wp-json\/wp\/v2\/product\/1173","targetHints":{"allow":["GET"]}}],"collection":[{"href":"https:\/\/www.dantza.com\/fr\/wp-json\/wp\/v2\/product"}],"about":[{"href":"https:\/\/www.dantza.com\/fr\/wp-json\/wp\/v2\/types\/product"}],"wp:featuredmedia":[{"embeddable":true,"href":"https:\/\/www.dantza.com\/fr\/wp-json\/wp\/v2\/media\/3463"}],"wp:attachment":[{"href":"https:\/\/www.dantza.com\/fr\/wp-json\/wp\/v2\/media?parent=1173"}],"wp:term":[{"taxonomy":"product_brand","embeddable":true,"href":"https:\/\/www.dantza.com\/fr\/wp-json\/wp\/v2\/product_brand?post=1173"},{"taxonomy":"product_cat","embeddable":true,"href":"https:\/\/www.dantza.com\/fr\/wp-json\/wp\/v2\/product_cat?post=1173"},{"taxonomy":"product_tag","embeddable":true,"href":"https:\/\/www.dantza.com\/fr\/wp-json\/wp\/v2\/product_tag?post=1173"}],"curies":[{"name":"wp","href":"https:\/\/api.w.org\/{rel}","templated":true}]}}