{"id":1174,"date":"2023-05-06T10:26:11","date_gmt":"2023-05-06T10:26:11","guid":{"rendered":"https:\/\/new.dantza.com\/?post_type=product&#038;p=1174"},"modified":"2025-12-18T09:12:26","modified_gmt":"2025-12-18T09:12:26","slug":"cardo-3kg","status":"publish","type":"product","link":"https:\/\/www.dantza.com\/fr\/produit\/cardo-3kg\/","title":{"rendered":"Cardon 3 Kg"},"content":{"rendered":"<p data-start=\"676\" data-end=\"918\">Nuestro <strong data-start=\"684\" data-end=\"693\">cardo<\/strong> en <strong data-start=\"697\" data-end=\"723\">formato grande de 3 kg<\/strong> est\u00e1 elaborado a partir de <strong data-start=\"751\" data-end=\"790\">cardos cuidadosamente seleccionados<\/strong>, limpiados y cocidos en su punto \u00f3ptimo para conservar su <strong data-start=\"849\" data-end=\"917\">sabor suave y caracter\u00edstico, textura tierna y calidad constante<\/strong>.<\/p>\n<p data-start=\"920\" data-end=\"1234\">El <strong data-start=\"923\" data-end=\"944\">cardo en conserva<\/strong> es una de las verduras m\u00e1s tradicionales de la cocina espa\u00f1ola, especialmente valorada en recetas cl\u00e1sicas y celebraciones. Este <strong data-start=\"1074\" data-end=\"1105\">formato profesional de 3 kg<\/strong> est\u00e1 pensado para <strong data-start=\"1124\" data-end=\"1169\">hosteler\u00eda, restauraci\u00f3n y colectividades<\/strong>, ofreciendo comodidad, rendimiento y ahorro de tiempo en cocina.<\/p>\n<p data-start=\"1236\" data-end=\"1419\">Gracias a su cuidada elaboraci\u00f3n, el cardo Dantza permite disfrutar de esta verdura durante todo el a\u00f1o, sin los largos procesos de limpieza y cocci\u00f3n que requiere el producto fresco.<\/p>\n<h4 data-start=\"1421\" data-end=\"1453\">Caracter\u00edsticas principales<\/h4>\n<ul data-start=\"1454\" data-end=\"1646\">\n<li data-start=\"1454\" data-end=\"1477\">\n<p data-start=\"1456\" data-end=\"1477\"><strong data-start=\"1456\" data-end=\"1477\">Cardo en conserva<\/strong><\/p>\n<\/li>\n<li data-start=\"1478\" data-end=\"1510\">\n<p data-start=\"1480\" data-end=\"1510\">Verdura cocida de alta calidad<\/p>\n<\/li>\n<li data-start=\"1511\" data-end=\"1538\">\n<p data-start=\"1513\" data-end=\"1538\">Textura tierna y uniforme<\/p>\n<\/li>\n<li data-start=\"1539\" data-end=\"1573\">\n<p data-start=\"1541\" data-end=\"1573\">Sabor suave y ligeramente amargo<\/p>\n<\/li>\n<li data-start=\"1574\" data-end=\"1607\">\n<p data-start=\"1576\" data-end=\"1607\"><strong data-start=\"1576\" data-end=\"1607\">Formato profesional de 3 kg<\/strong><\/p>\n<\/li>\n<li data-start=\"1608\" data-end=\"1646\">\n<p data-start=\"1610\" data-end=\"1646\">Ideal para hosteler\u00eda y restauraci\u00f3n<\/p>\n<\/li>\n<\/ul>\n<h4 data-start=\"1648\" data-end=\"1665\">Ingredients<\/h4>\n<p data-start=\"1666\" data-end=\"1684\">Cardo, agua y sal.<\/p>\n<h4 data-start=\"1686\" data-end=\"1705\">Modo de empleo<\/h4>\n<p data-start=\"1706\" data-end=\"1882\">Producto listo para usar. Puede calentarse y utilizarse en recetas tradicionales como <strong data-start=\"1792\" data-end=\"1832\">cardo con almendras, cardo con jam\u00f3n<\/strong>, guisos o como guarnici\u00f3n en men\u00fas profesionales.<\/p>\n<h4 data-start=\"1884\" data-end=\"1901\">Conservaci\u00f3n<\/h4>\n<p data-start=\"1902\" data-end=\"2003\">Conservar en lugar fresco y seco. Una vez abierto, mantener refrigerado y consumir antes de 48 horas.<\/p>","protected":false},"excerpt":{"rendered":"<h5>Cardon 3 Kg<\/h5>\n<p><strong>Sp\u00e9cial Foodservice<\/strong><br \/>\nLes meilleurs produits de notre potager directement dans votre \u00e9tablissement. Les produits de toujours dans des formats sp\u00e9ciaux.<\/p>","protected":false},"featured_media":3525,"template":"","meta":[],"product_brand":[],"product_cat":[77],"product_tag":[],"class_list":{"0":"post-1174","1":"product","2":"type-product","3":"status-publish","4":"has-post-thumbnail","6":"product_cat-verdura-foodservice","8":"first","9":"instock","10":"shipping-taxable","11":"product-type-simple"},"_links":{"self":[{"href":"https:\/\/www.dantza.com\/fr\/wp-json\/wp\/v2\/product\/1174","targetHints":{"allow":["GET"]}}],"collection":[{"href":"https:\/\/www.dantza.com\/fr\/wp-json\/wp\/v2\/product"}],"about":[{"href":"https:\/\/www.dantza.com\/fr\/wp-json\/wp\/v2\/types\/product"}],"wp:featuredmedia":[{"embeddable":true,"href":"https:\/\/www.dantza.com\/fr\/wp-json\/wp\/v2\/media\/3525"}],"wp:attachment":[{"href":"https:\/\/www.dantza.com\/fr\/wp-json\/wp\/v2\/media?parent=1174"}],"wp:term":[{"taxonomy":"product_brand","embeddable":true,"href":"https:\/\/www.dantza.com\/fr\/wp-json\/wp\/v2\/product_brand?post=1174"},{"taxonomy":"product_cat","embeddable":true,"href":"https:\/\/www.dantza.com\/fr\/wp-json\/wp\/v2\/product_cat?post=1174"},{"taxonomy":"product_tag","embeddable":true,"href":"https:\/\/www.dantza.com\/fr\/wp-json\/wp\/v2\/product_tag?post=1174"}],"curies":[{"name":"wp","href":"https:\/\/api.w.org\/{rel}","templated":true}]}}