{"id":1176,"date":"2023-05-06T10:26:11","date_gmt":"2023-05-06T10:26:11","guid":{"rendered":"https:\/\/new.dantza.com\/?post_type=product&#038;p=1176"},"modified":"2026-03-03T15:36:39","modified_gmt":"2026-03-03T15:36:39","slug":"patata-3kg","status":"publish","type":"product","link":"https:\/\/www.dantza.com\/fr\/produit\/patata-3kg\/","title":{"rendered":"Pommes de terre 3 Kg"},"content":{"rendered":"<p data-start=\"592\" data-end=\"828\">Nuestra <strong data-start=\"600\" data-end=\"610\">patata<\/strong> en <strong data-start=\"614\" data-end=\"645\">formato profesional de 3 kg<\/strong> est\u00e1 elaborada a partir de <strong data-start=\"673\" data-end=\"713\">patatas cuidadosamente seleccionadas<\/strong>, peladas y cocidas en su punto \u00f3ptimo para conservar su <strong data-start=\"770\" data-end=\"827\">textura firme, sabor natural y excelente consistencia<\/strong>.<\/p>\n<p data-start=\"830\" data-end=\"1058\">La <strong data-start=\"833\" data-end=\"855\">patata en conserva<\/strong> es un ingrediente b\u00e1sico y vers\u00e1til en la cocina profesional, ideal para preparar platos tradicionales y recetas de gran volumen de forma r\u00e1pida y eficiente, sin necesidad de pelar ni cocer previamente.<\/p>\n<p data-start=\"1060\" data-end=\"1233\">Este <strong data-start=\"1065\" data-end=\"1091\">formato grande de 3 kg<\/strong> est\u00e1 pensado para <strong data-start=\"1110\" data-end=\"1155\">hosteler\u00eda, restauraci\u00f3n y colectividades<\/strong>, ofreciendo comodidad, ahorro de tiempo y un rendimiento constante en cocina.<\/p>\n<h4 data-start=\"1235\" data-end=\"1267\">Caracter\u00edsticas principales<\/h4>\n<ul data-start=\"1268\" data-end=\"1449\">\n<li data-start=\"1268\" data-end=\"1292\">\n<p data-start=\"1270\" data-end=\"1292\"><strong data-start=\"1270\" data-end=\"1292\">Patata en conserva<\/strong><\/p>\n<\/li>\n<li data-start=\"1293\" data-end=\"1324\">\n<p data-start=\"1295\" data-end=\"1324\">Patata cocida de alta calidad<\/p>\n<\/li>\n<li data-start=\"1325\" data-end=\"1352\">\n<p data-start=\"1327\" data-end=\"1352\">Textura firme y homog\u00e9nea<\/p>\n<\/li>\n<li data-start=\"1353\" data-end=\"1376\">\n<p data-start=\"1355\" data-end=\"1376\">Sabor suave y natural<\/p>\n<\/li>\n<li data-start=\"1377\" data-end=\"1410\">\n<p data-start=\"1379\" data-end=\"1410\"><strong data-start=\"1379\" data-end=\"1410\">Formato profesional de 3 kg<\/strong><\/p>\n<\/li>\n<li data-start=\"1411\" data-end=\"1449\">\n<p data-start=\"1413\" data-end=\"1449\">Ideal para hosteler\u00eda y restauraci\u00f3n<\/p>\n<\/li>\n<\/ul>\n<h4 data-start=\"1451\" data-end=\"1468\">Ingredients<\/h4>\n<p data-start=\"1469\" data-end=\"1488\">Patata, agua y sal.<\/p>\n<h4 data-start=\"1490\" data-end=\"1509\">Modo de empleo<\/h4>\n<p data-start=\"1510\" data-end=\"1646\">Producto listo para usar. Perfecta para guarniciones, guisos, ensaladas, tortillas, salteados y platos combinados en cocina profesional.<\/p>\n<h4 data-start=\"1648\" data-end=\"1665\">Conservaci\u00f3n<\/h4>\n<p data-start=\"1666\" data-end=\"1767\">Conservar en lugar fresco y seco. Una vez abierto, mantener refrigerado y consumir antes de 48 horas.<\/p>","protected":false},"excerpt":{"rendered":"<h5>Pommes de terre 3 Kg<\/h5>\n<p><strong>Sp\u00e9cial Foodservice<\/strong><br \/>\nLes meilleurs produits de notre potager directement dans votre \u00e9tablissement. Les produits de toujours dans des formats sp\u00e9ciaux.<\/p>","protected":false},"featured_media":4623,"template":"","meta":[],"product_brand":[],"product_cat":[77],"product_tag":[],"class_list":{"0":"post-1176","1":"product","2":"type-product","3":"status-publish","4":"has-post-thumbnail","6":"product_cat-verdura-foodservice","8":"first","9":"instock","10":"shipping-taxable","11":"product-type-simple"},"_links":{"self":[{"href":"https:\/\/www.dantza.com\/fr\/wp-json\/wp\/v2\/product\/1176","targetHints":{"allow":["GET"]}}],"collection":[{"href":"https:\/\/www.dantza.com\/fr\/wp-json\/wp\/v2\/product"}],"about":[{"href":"https:\/\/www.dantza.com\/fr\/wp-json\/wp\/v2\/types\/product"}],"wp:featuredmedia":[{"embeddable":true,"href":"https:\/\/www.dantza.com\/fr\/wp-json\/wp\/v2\/media\/4623"}],"wp:attachment":[{"href":"https:\/\/www.dantza.com\/fr\/wp-json\/wp\/v2\/media?parent=1176"}],"wp:term":[{"taxonomy":"product_brand","embeddable":true,"href":"https:\/\/www.dantza.com\/fr\/wp-json\/wp\/v2\/product_brand?post=1176"},{"taxonomy":"product_cat","embeddable":true,"href":"https:\/\/www.dantza.com\/fr\/wp-json\/wp\/v2\/product_cat?post=1176"},{"taxonomy":"product_tag","embeddable":true,"href":"https:\/\/www.dantza.com\/fr\/wp-json\/wp\/v2\/product_tag?post=1176"}],"curies":[{"name":"wp","href":"https:\/\/api.w.org\/{rel}","templated":true}]}}