{"id":1182,"date":"2023-05-06T10:26:11","date_gmt":"2023-05-06T10:26:11","guid":{"rendered":"https:\/\/new.dantza.com\/?post_type=product&#038;p=1182"},"modified":"2026-03-03T15:37:22","modified_gmt":"2026-03-03T15:37:22","slug":"garbanzos-3kg","status":"publish","type":"product","link":"https:\/\/www.dantza.com\/fr\/produit\/garbanzos-3kg\/","title":{"rendered":"Pois chiche 3Kg"},"content":{"rendered":"<p data-start=\"769\" data-end=\"989\">Nuestros <strong data-start=\"778\" data-end=\"791\">garbanzos<\/strong> en <strong data-start=\"795\" data-end=\"826\">formato profesional de 3 kg<\/strong> est\u00e1n elaborados a partir de <strong data-start=\"856\" data-end=\"898\">garbanzos cuidadosamente seleccionados<\/strong>, cocidos en su punto \u00f3ptimo para conservar su <strong data-start=\"945\" data-end=\"988\">textura tierna, piel fina y sabor suave<\/strong>.<\/p>\n<p data-start=\"991\" data-end=\"1212\">Los <strong data-start=\"995\" data-end=\"1028\">garbanzos cocidos en conserva<\/strong> son una soluci\u00f3n pr\u00e1ctica y vers\u00e1til para la cocina profesional y dom\u00e9stica, permitiendo preparar platos tradicionales y recetas r\u00e1pidas sin necesidad de remojo ni cocci\u00f3n prolongada.<\/p>\n<p data-start=\"1214\" data-end=\"1388\">Este <strong data-start=\"1219\" data-end=\"1245\">formato grande de 3 kg<\/strong> es ideal para <strong data-start=\"1260\" data-end=\"1315\">hosteler\u00eda, restauraci\u00f3n, catering y colectividades<\/strong>, ofreciendo rendimiento, comodidad y calidad constante en cada servicio.<\/p>\n<h4 data-start=\"1390\" data-end=\"1422\">Caracter\u00edsticas principales<\/h4>\n<ul data-start=\"1423\" data-end=\"1609\">\n<li data-start=\"1423\" data-end=\"1458\">\n<p data-start=\"1425\" data-end=\"1458\"><strong data-start=\"1425\" data-end=\"1458\">Garbanzos cocidos en conserva<\/strong><\/p>\n<\/li>\n<li data-start=\"1459\" data-end=\"1487\">\n<p data-start=\"1461\" data-end=\"1487\">Textura tierna y piel fina<\/p>\n<\/li>\n<li data-start=\"1488\" data-end=\"1511\">\n<p data-start=\"1490\" data-end=\"1511\">Sabor suave y natural<\/p>\n<\/li>\n<li data-start=\"1512\" data-end=\"1534\">\n<p data-start=\"1514\" data-end=\"1534\">Listos para consumir<\/p>\n<\/li>\n<li data-start=\"1535\" data-end=\"1568\">\n<p data-start=\"1537\" data-end=\"1568\"><strong data-start=\"1537\" data-end=\"1568\">Formato profesional de 3 kg<\/strong><\/p>\n<\/li>\n<li data-start=\"1569\" data-end=\"1609\">\n<p data-start=\"1571\" data-end=\"1609\">Ideales para hosteler\u00eda y restauraci\u00f3n<\/p>\n<\/li>\n<\/ul>\n<h4 data-start=\"1611\" data-end=\"1628\">Ingredients<\/h4>\n<p data-start=\"1629\" data-end=\"1651\">Garbanzos, agua y sal.<\/p>\n<h4 data-start=\"1653\" data-end=\"1672\">Modo de empleo<\/h4>\n<p data-start=\"1673\" data-end=\"1797\">Producto listo para usar. Perfectos para guisos, potajes, ensaladas, hummus, platos tradicionales y recetas de gran volumen.<\/p>\n<h4 data-start=\"1799\" data-end=\"1816\">Conservaci\u00f3n<\/h4>\n<p data-start=\"1817\" data-end=\"1918\">Conservar en lugar fresco y seco. Una vez abierto, mantener refrigerado y consumir antes de 48 horas.<\/p>","protected":false},"excerpt":{"rendered":"<h5>Pois chiche 3Kg<\/h5>\n<p><strong>Sp\u00e9cial Foodservice<\/strong><br \/>\nLes meilleurs produits de notre potager directement dans votre \u00e9tablissement. Les produits de toujours dans des formats sp\u00e9ciaux.<\/p>","protected":false},"featured_media":4625,"template":"","meta":[],"product_brand":[],"product_cat":[79],"product_tag":[],"class_list":{"0":"post-1182","1":"product","2":"type-product","3":"status-publish","4":"has-post-thumbnail","6":"product_cat-legumbre-foodservice","8":"first","9":"instock","10":"shipping-taxable","11":"product-type-simple"},"_links":{"self":[{"href":"https:\/\/www.dantza.com\/fr\/wp-json\/wp\/v2\/product\/1182","targetHints":{"allow":["GET"]}}],"collection":[{"href":"https:\/\/www.dantza.com\/fr\/wp-json\/wp\/v2\/product"}],"about":[{"href":"https:\/\/www.dantza.com\/fr\/wp-json\/wp\/v2\/types\/product"}],"wp:featuredmedia":[{"embeddable":true,"href":"https:\/\/www.dantza.com\/fr\/wp-json\/wp\/v2\/media\/4625"}],"wp:attachment":[{"href":"https:\/\/www.dantza.com\/fr\/wp-json\/wp\/v2\/media?parent=1182"}],"wp:term":[{"taxonomy":"product_brand","embeddable":true,"href":"https:\/\/www.dantza.com\/fr\/wp-json\/wp\/v2\/product_brand?post=1182"},{"taxonomy":"product_cat","embeddable":true,"href":"https:\/\/www.dantza.com\/fr\/wp-json\/wp\/v2\/product_cat?post=1182"},{"taxonomy":"product_tag","embeddable":true,"href":"https:\/\/www.dantza.com\/fr\/wp-json\/wp\/v2\/product_tag?post=1182"}],"curies":[{"name":"wp","href":"https:\/\/api.w.org\/{rel}","templated":true}]}}