{"id":1185,"date":"2023-05-06T10:26:13","date_gmt":"2023-05-06T10:26:13","guid":{"rendered":"https:\/\/new.dantza.com\/?post_type=product&#038;p=1185"},"modified":"2025-12-17T16:31:56","modified_gmt":"2025-12-17T16:31:56","slug":"cardo-bio","status":"publish","type":"product","link":"https:\/\/www.dantza.com\/fr\/produit\/cardo-bio\/","title":{"rendered":"Cardon Bio"},"content":{"rendered":"","protected":false},"excerpt":{"rendered":"<h5>Cardon Bio<\/h5>\n<p data-start=\"235\" data-end=\"479\">Nuestro <strong data-start=\"243\" data-end=\"256\">cardo BIO<\/strong> se elabora a partir de <strong data-start=\"280\" data-end=\"315\">cardos ecol\u00f3gicos seleccionados<\/strong>, recolectados en su punto \u00f3ptimo y conservados cuidadosamente para mantener su textura tierna, su color claro y su sabor suave y ligeramente amargo caracter\u00edstico.<\/p>\n<p data-start=\"481\" data-end=\"696\">El <strong data-start=\"484\" data-end=\"505\">cardo en conserva<\/strong> Dantza es una verdura muy apreciada en la cocina tradicional, especialmente en la gastronom\u00eda navarra, y una opci\u00f3n pr\u00e1ctica para disfrutar de este producto de temporada durante todo el a\u00f1o.<\/p>\n<h3 data-start=\"698\" data-end=\"728\">Cardo ecol\u00f3gico de calidad<\/h3>\n<p data-start=\"729\" data-end=\"938\">El <strong data-start=\"732\" data-end=\"741\">cardo<\/strong> Dantza procede de <strong data-start=\"760\" data-end=\"797\">agricultura ecol\u00f3gica certificada<\/strong>, sin aditivos ni conservantes artificiales. Un producto natural que respeta las cualidades del cardo fresco y sus propiedades nutricionales.<\/p>\n<h3 data-start=\"940\" data-end=\"976\">Ideal para recetas tradicionales<\/h3>\n<p data-start=\"977\" data-end=\"1037\">Gracias a su textura y sabor, el <strong data-start=\"1010\" data-end=\"1019\">cardo<\/strong> es perfecto para:<\/p>\n<ul data-start=\"1038\" data-end=\"1156\">\n<li data-start=\"1038\" data-end=\"1061\">\n<p data-start=\"1040\" data-end=\"1061\">Cardo con almendras<\/p>\n<\/li>\n<li data-start=\"1062\" data-end=\"1092\">\n<p data-start=\"1064\" data-end=\"1092\">Guisos y platos de cuchara<\/p>\n<\/li>\n<li data-start=\"1093\" data-end=\"1129\">\n<p data-start=\"1095\" data-end=\"1129\">Recetas tradicionales de verdura<\/p>\n<\/li>\n<li data-start=\"1130\" data-end=\"1156\">\n<p data-start=\"1132\" data-end=\"1156\">Acompa\u00f1amientos suaves<\/p>\n<\/li>\n<\/ul>\n<h3 data-start=\"1158\" data-end=\"1179\">Compromiso Dantza<\/h3>\n<p data-start=\"1180\" data-end=\"1373\">En Dantza apostamos por conservas ecol\u00f3gicas elaboradas con procesos respetuosos y materias primas seleccionadas, ofreciendo <strong data-start=\"1305\" data-end=\"1318\">cardo BIO<\/strong> de alta calidad para una cocina natural y equilibrada.<\/p>","protected":false},"featured_media":3628,"template":"","meta":[],"product_brand":[],"product_cat":[65],"product_tag":[],"class_list":{"0":"post-1185","1":"product","2":"type-product","3":"status-publish","4":"has-post-thumbnail","6":"product_cat-verdura-bio","8":"first","9":"instock","10":"shipping-taxable","11":"product-type-simple"},"_links":{"self":[{"href":"https:\/\/www.dantza.com\/fr\/wp-json\/wp\/v2\/product\/1185","targetHints":{"allow":["GET"]}}],"collection":[{"href":"https:\/\/www.dantza.com\/fr\/wp-json\/wp\/v2\/product"}],"about":[{"href":"https:\/\/www.dantza.com\/fr\/wp-json\/wp\/v2\/types\/product"}],"wp:featuredmedia":[{"embeddable":true,"href":"https:\/\/www.dantza.com\/fr\/wp-json\/wp\/v2\/media\/3628"}],"wp:attachment":[{"href":"https:\/\/www.dantza.com\/fr\/wp-json\/wp\/v2\/media?parent=1185"}],"wp:term":[{"taxonomy":"product_brand","embeddable":true,"href":"https:\/\/www.dantza.com\/fr\/wp-json\/wp\/v2\/product_brand?post=1185"},{"taxonomy":"product_cat","embeddable":true,"href":"https:\/\/www.dantza.com\/fr\/wp-json\/wp\/v2\/product_cat?post=1185"},{"taxonomy":"product_tag","embeddable":true,"href":"https:\/\/www.dantza.com\/fr\/wp-json\/wp\/v2\/product_tag?post=1185"}],"curies":[{"name":"wp","href":"https:\/\/api.w.org\/{rel}","templated":true}]}}