{"id":1187,"date":"2023-05-06T10:26:14","date_gmt":"2023-05-06T10:26:14","guid":{"rendered":"https:\/\/new.dantza.com\/?post_type=product&#038;p=1187"},"modified":"2025-12-17T16:16:32","modified_gmt":"2025-12-17T16:16:32","slug":"guisante-bio","status":"publish","type":"product","link":"https:\/\/www.dantza.com\/fr\/produit\/guisante-bio\/","title":{"rendered":"Petits pois Bio"},"content":{"rendered":"","protected":false},"excerpt":{"rendered":"<h5>Petits pois Bio<\/h5>\n<p data-start=\"248\" data-end=\"478\">Nuestro <strong data-start=\"256\" data-end=\"272\">guisante BIO<\/strong> se elabora a partir de <strong data-start=\"296\" data-end=\"334\">guisantes ecol\u00f3gicos seleccionados<\/strong>, recolectados en su punto \u00f3ptimo de maduraci\u00f3n y conservados cuidadosamente para mantener su sabor dulce, su textura tierna y su color natural.<\/p>\n<p data-start=\"480\" data-end=\"697\">Este <strong data-start=\"485\" data-end=\"509\">guisante en conserva<\/strong> destaca por su calidad y naturalidad, siendo una opci\u00f3n ideal para quienes buscan disfrutar del aut\u00e9ntico sabor del guisante durante todo el a\u00f1o, con la garant\u00eda de un producto ecol\u00f3gico.<\/p>\n<h3 data-start=\"699\" data-end=\"737\">Guisante ecol\u00f3gico de alta calidad<\/h3>\n<p data-start=\"738\" data-end=\"953\">El <strong data-start=\"741\" data-end=\"753\">guisante<\/strong> Dantza procede de <strong data-start=\"772\" data-end=\"809\">agricultura ecol\u00f3gica certificada<\/strong>, sin aditivos ni conservantes artificiales. Un producto natural que respeta las cualidades del guisante fresco y sus propiedades nutricionales.<\/p>\n<h3 data-start=\"955\" data-end=\"985\">Vers\u00e1til y listo para usar<\/h3>\n<p data-start=\"986\" data-end=\"1062\">Gracias a su sabor suave y textura tierna, el <strong data-start=\"1032\" data-end=\"1044\">guisante<\/strong> es perfecto para:<\/p>\n<ul data-start=\"1063\" data-end=\"1190\">\n<li data-start=\"1063\" data-end=\"1100\">\n<p data-start=\"1065\" data-end=\"1100\">Guarniciones y platos de verduras<\/p>\n<\/li>\n<li data-start=\"1101\" data-end=\"1121\">\n<p data-start=\"1103\" data-end=\"1121\">Arroces y guisos<\/p>\n<\/li>\n<li data-start=\"1122\" data-end=\"1153\">\n<p data-start=\"1124\" data-end=\"1153\">Ensaladas fr\u00edas o templadas<\/p>\n<\/li>\n<li data-start=\"1154\" data-end=\"1190\">\n<p data-start=\"1156\" data-end=\"1190\">Recetas tradicionales y modernas<\/p>\n<\/li>\n<\/ul>\n<h3 data-start=\"1192\" data-end=\"1213\">Compromiso Dantza<\/h3>\n<p data-start=\"1214\" data-end=\"1408\">En Dantza apostamos por conservas ecol\u00f3gicas elaboradas con procesos respetuosos y materias primas seleccionadas, ofreciendo <strong data-start=\"1339\" data-end=\"1355\">guisante BIO<\/strong> de alta calidad para una cocina saludable y natural.<\/p>","protected":false},"featured_media":3639,"template":"","meta":[],"product_brand":[],"product_cat":[65],"product_tag":[],"class_list":{"0":"post-1187","1":"product","2":"type-product","3":"status-publish","4":"has-post-thumbnail","6":"product_cat-verdura-bio","8":"first","9":"instock","10":"shipping-taxable","11":"product-type-simple"},"_links":{"self":[{"href":"https:\/\/www.dantza.com\/fr\/wp-json\/wp\/v2\/product\/1187","targetHints":{"allow":["GET"]}}],"collection":[{"href":"https:\/\/www.dantza.com\/fr\/wp-json\/wp\/v2\/product"}],"about":[{"href":"https:\/\/www.dantza.com\/fr\/wp-json\/wp\/v2\/types\/product"}],"wp:featuredmedia":[{"embeddable":true,"href":"https:\/\/www.dantza.com\/fr\/wp-json\/wp\/v2\/media\/3639"}],"wp:attachment":[{"href":"https:\/\/www.dantza.com\/fr\/wp-json\/wp\/v2\/media?parent=1187"}],"wp:term":[{"taxonomy":"product_brand","embeddable":true,"href":"https:\/\/www.dantza.com\/fr\/wp-json\/wp\/v2\/product_brand?post=1187"},{"taxonomy":"product_cat","embeddable":true,"href":"https:\/\/www.dantza.com\/fr\/wp-json\/wp\/v2\/product_cat?post=1187"},{"taxonomy":"product_tag","embeddable":true,"href":"https:\/\/www.dantza.com\/fr\/wp-json\/wp\/v2\/product_tag?post=1187"}],"curies":[{"name":"wp","href":"https:\/\/api.w.org\/{rel}","templated":true}]}}