{"id":1192,"date":"2023-05-06T10:26:14","date_gmt":"2023-05-06T10:26:14","guid":{"rendered":"https:\/\/new.dantza.com\/?post_type=product&#038;p=1192"},"modified":"2026-03-04T07:19:10","modified_gmt":"2026-03-04T07:19:10","slug":"piquillo-tiras-bio","status":"publish","type":"product","link":"https:\/\/www.dantza.com\/fr\/produit\/piquillo-tiras-bio\/","title":{"rendered":"Piquillo en lani\u00e8res BIO"},"content":{"rendered":"","protected":false},"excerpt":{"rendered":"<h5>Piquillo en lani\u00e8res BIO<\/h5>\n<p data-start=\"250\" data-end=\"487\">Nuestro <strong data-start=\"258\" data-end=\"283\">piquillo en tiras BIO<\/strong> se elabora a partir de <a href=\"https:\/\/www.dantza.com\/fr\/productos\/pimiento-de-piquillo\/\"><strong data-start=\"307\" data-end=\"358\">pimientos del piquillo ecol\u00f3gicos seleccionados<\/strong><\/a>, asados cuidadosamente y cortados en tiras para conservar su sabor intenso, su textura jugosa y su caracter\u00edstico aroma ahumado.<\/p>\n<p data-start=\"489\" data-end=\"680\">El <strong data-start=\"492\" data-end=\"522\">piquillo tiras en conserva<\/strong> es un producto vers\u00e1til y pr\u00e1ctico, ideal para quienes buscan calidad ecol\u00f3gica y el aut\u00e9ntico sabor del pimiento del piquillo en un formato listo para usar.<\/p>\n<h3 data-start=\"682\" data-end=\"720\">Piquillo ecol\u00f3gico de alta calidad<\/h3>\n<p data-start=\"721\" data-end=\"926\">El <strong data-start=\"724\" data-end=\"745\">piquillo en tiras<\/strong> Dantza procede de <strong data-start=\"764\" data-end=\"801\">agricultura ecol\u00f3gica certificada<\/strong>, sin aditivos ni conservantes artificiales. Un producto natural que respeta las cualidades del pimiento del piquillo fresco.<\/p>\n<h3 data-start=\"928\" data-end=\"956\">Vers\u00e1til y f\u00e1cil de usar<\/h3>\n<p data-start=\"957\" data-end=\"1024\">Gracias a su corte y sabor, el <strong data-start=\"988\" data-end=\"1006\">piquillo tiras<\/strong> es perfecto para:<\/p>\n<ul data-start=\"1025\" data-end=\"1142\">\n<li data-start=\"1025\" data-end=\"1056\">\n<p data-start=\"1027\" data-end=\"1056\">Ensaladas fr\u00edas y templadas<\/p>\n<\/li>\n<li data-start=\"1057\" data-end=\"1076\">\n<p data-start=\"1059\" data-end=\"1076\">Pintxos y tapas<\/p>\n<\/li>\n<li data-start=\"1077\" data-end=\"1102\">\n<p data-start=\"1079\" data-end=\"1102\">Salteados y revueltos<\/p>\n<\/li>\n<li data-start=\"1103\" data-end=\"1142\">\n<p data-start=\"1105\" data-end=\"1142\">Guarniciones para carnes y pescados<\/p>\n<\/li>\n<\/ul>\n<h3 data-start=\"1144\" data-end=\"1165\">Compromiso Dantza<\/h3>\n<p data-start=\"1166\" data-end=\"1367\">En Dantza apostamos por conservas ecol\u00f3gicas elaboradas con procesos respetuosos y materias primas seleccionadas, ofreciendo <strong data-start=\"1291\" data-end=\"1316\">piquillo en tiras BIO<\/strong> de alta calidad para una cocina natural y sabrosa.<\/p>","protected":false},"featured_media":4630,"template":"","meta":[],"product_brand":[],"product_cat":[81],"product_tag":[],"class_list":{"0":"post-1192","1":"product","2":"type-product","3":"status-publish","4":"has-post-thumbnail","6":"product_cat-piquillo-bio","8":"first","9":"instock","10":"shipping-taxable","11":"product-type-simple"},"_links":{"self":[{"href":"https:\/\/www.dantza.com\/fr\/wp-json\/wp\/v2\/product\/1192","targetHints":{"allow":["GET"]}}],"collection":[{"href":"https:\/\/www.dantza.com\/fr\/wp-json\/wp\/v2\/product"}],"about":[{"href":"https:\/\/www.dantza.com\/fr\/wp-json\/wp\/v2\/types\/product"}],"wp:featuredmedia":[{"embeddable":true,"href":"https:\/\/www.dantza.com\/fr\/wp-json\/wp\/v2\/media\/4630"}],"wp:attachment":[{"href":"https:\/\/www.dantza.com\/fr\/wp-json\/wp\/v2\/media?parent=1192"}],"wp:term":[{"taxonomy":"product_brand","embeddable":true,"href":"https:\/\/www.dantza.com\/fr\/wp-json\/wp\/v2\/product_brand?post=1192"},{"taxonomy":"product_cat","embeddable":true,"href":"https:\/\/www.dantza.com\/fr\/wp-json\/wp\/v2\/product_cat?post=1192"},{"taxonomy":"product_tag","embeddable":true,"href":"https:\/\/www.dantza.com\/fr\/wp-json\/wp\/v2\/product_tag?post=1192"}],"curies":[{"name":"wp","href":"https:\/\/api.w.org\/{rel}","templated":true}]}}