{"id":1194,"date":"2023-05-06T10:26:14","date_gmt":"2023-05-06T10:26:14","guid":{"rendered":"https:\/\/new.dantza.com\/?post_type=product&#038;p=1194"},"modified":"2026-03-04T07:19:36","modified_gmt":"2026-03-04T07:19:36","slug":"alubia-blanca-v-720-bio","status":"publish","type":"product","link":"https:\/\/www.dantza.com\/fr\/produit\/alubia-blanca-v-720-bio\/","title":{"rendered":"Haricot blanc V-720 BIO"},"content":{"rendered":"","protected":false},"excerpt":{"rendered":"<p style=\"text-align: right;\"><a>RETOUR<\/a><\/p>\n<h5>Haricot blanc V-720 BIO<\/h5>\n<p data-start=\"238\" data-end=\"428\">Nuestra <strong data-start=\"246\" data-end=\"267\">alubia blanca BIO<\/strong> se elabora a partir de <strong data-start=\"291\" data-end=\"335\">alubias blancas ecol\u00f3gicas seleccionadas<\/strong>, cocidas en su punto \u00f3ptimo para conseguir una textura suave, piel fina y un sabor delicado.<\/p>\n<p data-start=\"430\" data-end=\"642\">La <strong data-start=\"433\" data-end=\"462\">alubia blanca en conserva<\/strong> Dantza es una opci\u00f3n pr\u00e1ctica y natural para quienes buscan disfrutar de esta legumbre tradicional durante todo el a\u00f1o, con la garant\u00eda de un producto ecol\u00f3gico y de alta calidad.<\/p>\n<h3 data-start=\"644\" data-end=\"682\">Alubia blanca ecol\u00f3gica de calidad<\/h3>\n<p data-start=\"683\" data-end=\"910\">La <strong data-start=\"686\" data-end=\"703\">alubia blanca<\/strong> Dantza procede de <strong data-start=\"722\" data-end=\"759\">agricultura ecol\u00f3gica certificada<\/strong>, sin aditivos ni conservantes artificiales. Un producto natural que respeta las cualidades de la alubia blanca fresca y sus propiedades nutricionales.<\/p>\n<h3 data-start=\"912\" data-end=\"942\">Vers\u00e1til y lista para usar<\/h3>\n<p data-start=\"943\" data-end=\"1023\">Gracias a su textura y sabor equilibrado, la <strong data-start=\"988\" data-end=\"1005\">alubia blanca<\/strong> es perfecta para:<\/p>\n<ul data-start=\"1024\" data-end=\"1141\">\n<li data-start=\"1024\" data-end=\"1054\">\n<p data-start=\"1026\" data-end=\"1054\">Guisos y platos de cuchara<\/p>\n<\/li>\n<li data-start=\"1055\" data-end=\"1081\">\n<p data-start=\"1057\" data-end=\"1081\">Ensaladas de legumbres<\/p>\n<\/li>\n<li data-start=\"1082\" data-end=\"1107\">\n<p data-start=\"1084\" data-end=\"1107\">Potajes tradicionales<\/p>\n<\/li>\n<li data-start=\"1108\" data-end=\"1141\">\n<p data-start=\"1110\" data-end=\"1141\">Recetas saludables y modernas<\/p>\n<\/li>\n<\/ul>\n<h3 data-start=\"1143\" data-end=\"1164\">Compromiso Dantza<\/h3>\n<p data-start=\"1165\" data-end=\"1366\">En Dantza apostamos por conservas ecol\u00f3gicas elaboradas con procesos respetuosos y materias primas seleccionadas, ofreciendo <strong data-start=\"1290\" data-end=\"1311\">alubia blanca BIO<\/strong> de alta calidad para una cocina natural y equilibrada.<\/p>","protected":false},"featured_media":4631,"template":"","meta":[],"product_brand":[],"product_cat":[83],"product_tag":[],"class_list":{"0":"post-1194","1":"product","2":"type-product","3":"status-publish","4":"has-post-thumbnail","6":"product_cat-legumbre-bio","8":"first","9":"instock","10":"shipping-taxable","11":"product-type-simple"},"_links":{"self":[{"href":"https:\/\/www.dantza.com\/fr\/wp-json\/wp\/v2\/product\/1194","targetHints":{"allow":["GET"]}}],"collection":[{"href":"https:\/\/www.dantza.com\/fr\/wp-json\/wp\/v2\/product"}],"about":[{"href":"https:\/\/www.dantza.com\/fr\/wp-json\/wp\/v2\/types\/product"}],"wp:featuredmedia":[{"embeddable":true,"href":"https:\/\/www.dantza.com\/fr\/wp-json\/wp\/v2\/media\/4631"}],"wp:attachment":[{"href":"https:\/\/www.dantza.com\/fr\/wp-json\/wp\/v2\/media?parent=1194"}],"wp:term":[{"taxonomy":"product_brand","embeddable":true,"href":"https:\/\/www.dantza.com\/fr\/wp-json\/wp\/v2\/product_brand?post=1194"},{"taxonomy":"product_cat","embeddable":true,"href":"https:\/\/www.dantza.com\/fr\/wp-json\/wp\/v2\/product_cat?post=1194"},{"taxonomy":"product_tag","embeddable":true,"href":"https:\/\/www.dantza.com\/fr\/wp-json\/wp\/v2\/product_tag?post=1194"}],"curies":[{"name":"wp","href":"https:\/\/api.w.org\/{rel}","templated":true}]}}