{"id":1195,"date":"2023-05-06T10:26:14","date_gmt":"2023-05-06T10:26:14","guid":{"rendered":"https:\/\/new.dantza.com\/?post_type=product&#038;p=1195"},"modified":"2026-03-04T07:20:28","modified_gmt":"2026-03-04T07:20:28","slug":"garbanzos-v-720-bio","status":"publish","type":"product","link":"https:\/\/www.dantza.com\/fr\/produit\/garbanzos-v-720-bio\/","title":{"rendered":"Pois chiche V-720 BIO"},"content":{"rendered":"","protected":false},"excerpt":{"rendered":"<p style=\"text-align: right;\"><a>RETOUR<\/a><\/p>\n<h5>Pois chiche V-720 BIO<\/h5>\n<p data-start=\"230\" data-end=\"420\">Nuestros <strong data-start=\"239\" data-end=\"256\">garbanzos BIO<\/strong> se elaboran a partir de <strong data-start=\"281\" data-end=\"319\">garbanzos ecol\u00f3gicos seleccionados<\/strong>, cocidos en su punto \u00f3ptimo para conseguir una textura tierna, piel fina y un sabor suave y natural.<\/p>\n<p data-start=\"422\" data-end=\"618\">Los <strong data-start=\"426\" data-end=\"451\">garbanzos en conserva<\/strong> Dantza son una opci\u00f3n pr\u00e1ctica y saludable para disfrutar de esta legumbre tradicional en cualquier momento, con la garant\u00eda de un producto ecol\u00f3gico de alta calidad.<\/p>\n<h3 data-start=\"620\" data-end=\"655\">Garbanzos ecol\u00f3gicos de calidad<\/h3>\n<p data-start=\"656\" data-end=\"874\">Los <strong data-start=\"660\" data-end=\"673\">garbanzos<\/strong> Dantza proceden de <strong data-start=\"693\" data-end=\"730\">agricultura ecol\u00f3gica certificada<\/strong>, sin aditivos ni conservantes artificiales. Un producto natural que respeta las cualidades del garbanzo fresco y sus propiedades nutricionales.<\/p>\n<h3 data-start=\"876\" data-end=\"909\">Vers\u00e1tiles y listos para usar<\/h3>\n<p data-start=\"910\" data-end=\"989\">Gracias a su textura y sabor equilibrado, los <strong data-start=\"956\" data-end=\"969\">garbanzos<\/strong> son perfectos para:<\/p>\n<ul data-start=\"990\" data-end=\"1105\">\n<li data-start=\"990\" data-end=\"1021\">\n<p data-start=\"992\" data-end=\"1021\">Potajes y platos de cuchara<\/p>\n<\/li>\n<li data-start=\"1022\" data-end=\"1048\">\n<p data-start=\"1024\" data-end=\"1048\">Ensaladas de legumbres<\/p>\n<\/li>\n<li data-start=\"1049\" data-end=\"1068\">\n<p data-start=\"1051\" data-end=\"1068\">Hummus y cremas<\/p>\n<\/li>\n<li data-start=\"1069\" data-end=\"1105\">\n<p data-start=\"1071\" data-end=\"1105\">Recetas tradicionales y modernas<\/p>\n<\/li>\n<\/ul>\n<h3 data-start=\"1107\" data-end=\"1128\">Compromiso Dantza<\/h3>\n<p data-start=\"1129\" data-end=\"1326\">En Dantza apostamos por conservas ecol\u00f3gicas elaboradas con procesos respetuosos y materias primas seleccionadas, ofreciendo <strong data-start=\"1254\" data-end=\"1271\">garbanzos BIO<\/strong> de alta calidad para una cocina natural y equilibrada.<\/p>","protected":false},"featured_media":4633,"template":"","meta":[],"product_brand":[],"product_cat":[83],"product_tag":[],"class_list":{"0":"post-1195","1":"product","2":"type-product","3":"status-publish","4":"has-post-thumbnail","6":"product_cat-legumbre-bio","8":"first","9":"instock","10":"shipping-taxable","11":"product-type-simple"},"_links":{"self":[{"href":"https:\/\/www.dantza.com\/fr\/wp-json\/wp\/v2\/product\/1195","targetHints":{"allow":["GET"]}}],"collection":[{"href":"https:\/\/www.dantza.com\/fr\/wp-json\/wp\/v2\/product"}],"about":[{"href":"https:\/\/www.dantza.com\/fr\/wp-json\/wp\/v2\/types\/product"}],"wp:featuredmedia":[{"embeddable":true,"href":"https:\/\/www.dantza.com\/fr\/wp-json\/wp\/v2\/media\/4633"}],"wp:attachment":[{"href":"https:\/\/www.dantza.com\/fr\/wp-json\/wp\/v2\/media?parent=1195"}],"wp:term":[{"taxonomy":"product_brand","embeddable":true,"href":"https:\/\/www.dantza.com\/fr\/wp-json\/wp\/v2\/product_brand?post=1195"},{"taxonomy":"product_cat","embeddable":true,"href":"https:\/\/www.dantza.com\/fr\/wp-json\/wp\/v2\/product_cat?post=1195"},{"taxonomy":"product_tag","embeddable":true,"href":"https:\/\/www.dantza.com\/fr\/wp-json\/wp\/v2\/product_tag?post=1195"}],"curies":[{"name":"wp","href":"https:\/\/api.w.org\/{rel}","templated":true}]}}