{"id":1196,"date":"2023-05-06T10:26:14","date_gmt":"2023-05-06T10:26:14","guid":{"rendered":"https:\/\/new.dantza.com\/?post_type=product&#038;p=1196"},"modified":"2026-03-04T07:19:58","modified_gmt":"2026-03-04T07:19:58","slug":"lentejas-v-720-bio","status":"publish","type":"product","link":"https:\/\/www.dantza.com\/fr\/produit\/lentejas-v-720-bio\/","title":{"rendered":"Lentilles V-720 BIO"},"content":{"rendered":"","protected":false},"excerpt":{"rendered":"<h5>Lentilles V-720 BIO<\/h5>\n<p data-start=\"228\" data-end=\"416\">Nuestras <strong data-start=\"237\" data-end=\"253\">lentejas BIO<\/strong> se elaboran a partir de <strong data-start=\"278\" data-end=\"315\">lentejas ecol\u00f3gicas seleccionadas<\/strong>, cocidas en su punto \u00f3ptimo para conseguir una textura tierna, piel fina y un sabor suave y natural.<\/p>\n<p data-start=\"418\" data-end=\"613\">Las <strong data-start=\"422\" data-end=\"446\">lentejas en conserva<\/strong> Dantza son una opci\u00f3n pr\u00e1ctica y saludable para disfrutar de esta legumbre tradicional en cualquier momento, con la garant\u00eda de un producto ecol\u00f3gico de alta calidad.<\/p>\n<h3 data-start=\"615\" data-end=\"649\">Lentejas ecol\u00f3gicas de calidad<\/h3>\n<p data-start=\"650\" data-end=\"868\">Las <strong data-start=\"654\" data-end=\"666\">lentejas<\/strong> Dantza proceden de <strong data-start=\"686\" data-end=\"723\">agricultura ecol\u00f3gica certificada<\/strong>, sin aditivos ni conservantes artificiales. Un producto natural que respeta las cualidades de la lenteja fresca y sus propiedades nutricionales.<\/p>\n<h3 data-start=\"870\" data-end=\"903\">Vers\u00e1tiles y listas para usar<\/h3>\n<p data-start=\"904\" data-end=\"982\">Gracias a su textura y sabor equilibrado, las <strong data-start=\"950\" data-end=\"962\">lentejas<\/strong> son perfectas para:<\/p>\n<ul data-start=\"983\" data-end=\"1096\">\n<li data-start=\"983\" data-end=\"1013\">\n<p data-start=\"985\" data-end=\"1013\">Guisos y platos de cuchara<\/p>\n<\/li>\n<li data-start=\"1014\" data-end=\"1040\">\n<p data-start=\"1016\" data-end=\"1040\">Ensaladas de legumbres<\/p>\n<\/li>\n<li data-start=\"1041\" data-end=\"1059\">\n<p data-start=\"1043\" data-end=\"1059\">Cremas y pur\u00e9s<\/p>\n<\/li>\n<li data-start=\"1060\" data-end=\"1096\">\n<p data-start=\"1062\" data-end=\"1096\">Recetas tradicionales y modernas<\/p>\n<\/li>\n<\/ul>\n<h3 data-start=\"1098\" data-end=\"1119\">Compromiso Dantza<\/h3>\n<p data-start=\"1120\" data-end=\"1316\">En Dantza apostamos por conservas ecol\u00f3gicas elaboradas con procesos respetuosos y materias primas seleccionadas, ofreciendo <strong data-start=\"1245\" data-end=\"1261\">lentejas BIO<\/strong> de alta calidad para una cocina natural y equilibrada.<\/p>","protected":false},"featured_media":4632,"template":"","meta":[],"product_brand":[],"product_cat":[83],"product_tag":[],"class_list":{"0":"post-1196","1":"product","2":"type-product","3":"status-publish","4":"has-post-thumbnail","6":"product_cat-legumbre-bio","8":"first","9":"instock","10":"shipping-taxable","11":"product-type-simple"},"_links":{"self":[{"href":"https:\/\/www.dantza.com\/fr\/wp-json\/wp\/v2\/product\/1196","targetHints":{"allow":["GET"]}}],"collection":[{"href":"https:\/\/www.dantza.com\/fr\/wp-json\/wp\/v2\/product"}],"about":[{"href":"https:\/\/www.dantza.com\/fr\/wp-json\/wp\/v2\/types\/product"}],"wp:featuredmedia":[{"embeddable":true,"href":"https:\/\/www.dantza.com\/fr\/wp-json\/wp\/v2\/media\/4632"}],"wp:attachment":[{"href":"https:\/\/www.dantza.com\/fr\/wp-json\/wp\/v2\/media?parent=1196"}],"wp:term":[{"taxonomy":"product_brand","embeddable":true,"href":"https:\/\/www.dantza.com\/fr\/wp-json\/wp\/v2\/product_brand?post=1196"},{"taxonomy":"product_cat","embeddable":true,"href":"https:\/\/www.dantza.com\/fr\/wp-json\/wp\/v2\/product_cat?post=1196"},{"taxonomy":"product_tag","embeddable":true,"href":"https:\/\/www.dantza.com\/fr\/wp-json\/wp\/v2\/product_tag?post=1196"}],"curies":[{"name":"wp","href":"https:\/\/api.w.org\/{rel}","templated":true}]}}