{"id":1209,"date":"2023-05-06T10:26:15","date_gmt":"2023-05-06T10:26:15","guid":{"rendered":"https:\/\/new.dantza.com\/?post_type=product&#038;p=1209"},"modified":"2025-12-17T16:13:50","modified_gmt":"2025-12-17T16:13:50","slug":"esparragos-blancos-de-navarra-edicion-especial","status":"publish","type":"product","link":"https:\/\/www.dantza.com\/fr\/produit\/esparragos-blancos-de-navarra-edicion-especial\/","title":{"rendered":"Asperges blanches de Navarre (\u00e9dition sp\u00e9ciale)"},"content":{"rendered":"","protected":false},"excerpt":{"rendered":"<h5>Asperges blanches de Navarre (\u00e9dition sp\u00e9ciale)<\/h5>\n<p data-start=\"310\" data-end=\"526\">Nuestros <strong data-start=\"319\" data-end=\"352\">esp\u00e1rragos blancos de Navarra<\/strong> proceden de una <a href=\"https:\/\/www.dantza.com\/fr\/productos\/esparrago-do-navarra-extra\/\"><strong data-start=\"369\" data-end=\"413\">selecci\u00f3n especial de esp\u00e1rragos frescos<\/strong><\/a>, cultivados en las zonas tradicionales de la Ribera de Navarra, reconocidas por la excelencia de esta hortaliza.<\/p>\n<p data-start=\"528\" data-end=\"773\">Esta <strong data-start=\"533\" data-end=\"586\">edici\u00f3n especial de esp\u00e1rragos blancos de Navarra<\/strong> se elabora con piezas cuidadosamente seleccionadas por su tama\u00f1o, blancura y textura tierna, y conservadas mediante un proceso respetuoso que mantiene su sabor suave, delicado y natural.<\/p>\n<h3 data-start=\"775\" data-end=\"811\">Origen Navarra y calidad premium<\/h3>\n<p data-start=\"812\" data-end=\"1099\">Los <strong data-start=\"816\" data-end=\"849\">esp\u00e1rragos blancos de Navarra<\/strong> destacan por su color claro, su bajo nivel de fibrosidad y su sabor equilibrado, ligeramente dulce. En Dantza elaboramos esta edici\u00f3n especial con esp\u00e1rragos de m\u00e1xima calidad, recolectados en su punto \u00f3ptimo y procesados poco despu\u00e9s de la cosecha.<\/p>\n<h3 data-start=\"1101\" data-end=\"1135\">Un producto gourmet y vers\u00e1til<\/h3>\n<p data-start=\"1136\" data-end=\"1222\">Gracias a su calidad superior, los <strong data-start=\"1171\" data-end=\"1204\">esp\u00e1rragos blancos de Navarra<\/strong> son ideales para:<\/p>\n<ul data-start=\"1223\" data-end=\"1383\">\n<li data-start=\"1223\" data-end=\"1262\">\n<p data-start=\"1225\" data-end=\"1262\">Consumir directamente como entrante<\/p>\n<\/li>\n<li data-start=\"1263\" data-end=\"1316\">\n<p data-start=\"1265\" data-end=\"1316\">Acompa\u00f1ar con aceite de oliva o vinagretas suaves<\/p>\n<\/li>\n<li data-start=\"1317\" data-end=\"1341\">\n<p data-start=\"1319\" data-end=\"1341\">En ensaladas gourmet<\/p>\n<\/li>\n<li data-start=\"1342\" data-end=\"1383\">\n<p data-start=\"1344\" data-end=\"1383\">Como guarnici\u00f3n de platos principales<\/p>\n<\/li>\n<\/ul>\n<h3 data-start=\"1385\" data-end=\"1415\">Elaboraci\u00f3n cuidada Dantza<\/h3>\n<p data-start=\"1416\" data-end=\"1628\">En Dantza apostamos por conservas de origen y calidad, respetando el producto desde el campo hasta la mesa. Esta <strong data-start=\"1529\" data-end=\"1582\">edici\u00f3n especial de esp\u00e1rragos blancos de Navarra<\/strong> refleja nuestro compromiso con la excelencia.<\/p>","protected":false},"featured_media":1229,"template":"","meta":[],"product_brand":[],"product_cat":[42,41],"product_tag":[],"class_list":{"0":"post-1209","1":"product","2":"type-product","3":"status-publish","4":"has-post-thumbnail","6":"product_cat-entero-extra-igp-navarra","7":"product_cat-esparrago-de-navarra","9":"first","10":"instock","11":"shipping-taxable","12":"product-type-simple"},"_links":{"self":[{"href":"https:\/\/www.dantza.com\/fr\/wp-json\/wp\/v2\/product\/1209","targetHints":{"allow":["GET"]}}],"collection":[{"href":"https:\/\/www.dantza.com\/fr\/wp-json\/wp\/v2\/product"}],"about":[{"href":"https:\/\/www.dantza.com\/fr\/wp-json\/wp\/v2\/types\/product"}],"wp:featuredmedia":[{"embeddable":true,"href":"https:\/\/www.dantza.com\/fr\/wp-json\/wp\/v2\/media\/1229"}],"wp:attachment":[{"href":"https:\/\/www.dantza.com\/fr\/wp-json\/wp\/v2\/media?parent=1209"}],"wp:term":[{"taxonomy":"product_brand","embeddable":true,"href":"https:\/\/www.dantza.com\/fr\/wp-json\/wp\/v2\/product_brand?post=1209"},{"taxonomy":"product_cat","embeddable":true,"href":"https:\/\/www.dantza.com\/fr\/wp-json\/wp\/v2\/product_cat?post=1209"},{"taxonomy":"product_tag","embeddable":true,"href":"https:\/\/www.dantza.com\/fr\/wp-json\/wp\/v2\/product_tag?post=1209"}],"curies":[{"name":"wp","href":"https:\/\/api.w.org\/{rel}","templated":true}]}}