{"id":1210,"date":"2023-05-06T10:26:15","date_gmt":"2023-05-06T10:26:15","guid":{"rendered":"https:\/\/new.dantza.com\/?post_type=product&#038;p=1210"},"modified":"2025-12-17T16:14:21","modified_gmt":"2025-12-17T16:14:21","slug":"esparrago-extra-grueso-edicion-especial","status":"publish","type":"product","link":"https:\/\/www.dantza.com\/fr\/produit\/esparrago-extra-grueso-edicion-especial\/","title":{"rendered":"Asperges extra \u00e9paisses (\u00e9dition sp\u00e9ciale)"},"content":{"rendered":"","protected":false},"excerpt":{"rendered":"<h5>Asperges extra \u00e9paisses (\u00e9dition sp\u00e9ciale)<\/h5>\n<p data-start=\"295\" data-end=\"523\">Nuestro <a href=\"https:\/\/www.dantza.com\/fr\/productos\/esparrago-do-navarra-extra\/\"><strong data-start=\"303\" data-end=\"329\">esp\u00e1rrago extra grueso<\/strong><\/a> forma parte de una <strong data-start=\"349\" data-end=\"369\">edici\u00f3n especial<\/strong> elaborada con una selecci\u00f3n exclusiva de esp\u00e1rragos blancos de <strong data-start=\"433\" data-end=\"449\">gran calibre<\/strong>, escogidos cuidadosamente por su tama\u00f1o, textura tierna y sabor delicado.<\/p>\n<p data-start=\"525\" data-end=\"753\">El <strong data-start=\"528\" data-end=\"554\">esp\u00e1rrago extra grueso<\/strong> destaca por su grosor excepcional, su bajo nivel de fibrosidad y una textura especialmente carnosa, lo que lo convierte en un producto premium muy valorado por los amantes del buen producto vegetal.<\/p>\n<h3 data-start=\"755\" data-end=\"792\">Esp\u00e1rrago de calibre extra grueso<\/h3>\n<p data-start=\"793\" data-end=\"1016\">Esta <strong data-start=\"798\" data-end=\"844\">edici\u00f3n especial de esp\u00e1rrago extra grueso<\/strong> se elabora con piezas seleccionadas una a una, recolectadas en su punto \u00f3ptimo y conservadas mediante un proceso respetuoso que mantiene intactas sus cualidades naturales.<\/p>\n<h3 data-start=\"1018\" data-end=\"1052\">Un producto gourmet y elegante<\/h3>\n<p data-start=\"1053\" data-end=\"1129\">Gracias a su calibre y textura, el <strong data-start=\"1088\" data-end=\"1114\">esp\u00e1rrago extra grueso<\/strong> es ideal para:<\/p>\n<ul data-start=\"1130\" data-end=\"1312\">\n<li data-start=\"1130\" data-end=\"1177\">\n<p data-start=\"1132\" data-end=\"1177\">Consumir directamente como entrante premium<\/p>\n<\/li>\n<li data-start=\"1178\" data-end=\"1240\">\n<p data-start=\"1180\" data-end=\"1240\">Acompa\u00f1ar con aceite de oliva virgen extra o salsas suaves<\/p>\n<\/li>\n<li data-start=\"1241\" data-end=\"1287\">\n<p data-start=\"1243\" data-end=\"1287\">Presentaciones gourmet y platos especiales<\/p>\n<\/li>\n<li data-start=\"1288\" data-end=\"1312\">\n<p data-start=\"1290\" data-end=\"1312\">Men\u00fas de celebraci\u00f3n<\/p>\n<\/li>\n<\/ul>\n<h3 data-start=\"1314\" data-end=\"1335\">Compromiso Dantza<\/h3>\n<p data-start=\"1336\" data-end=\"1557\">En Dantza apostamos por conservas de m\u00e1xima calidad, seleccionando los mejores esp\u00e1rragos y cuidando cada detalle del proceso. Este <strong data-start=\"1468\" data-end=\"1511\">esp\u00e1rrago extra grueso edici\u00f3n especial<\/strong> refleja nuestro compromiso con la excelencia.<\/p>","protected":false},"featured_media":3051,"template":"","meta":[],"product_brand":[],"product_cat":[42,41],"product_tag":[],"class_list":{"0":"post-1210","1":"product","2":"type-product","3":"status-publish","4":"has-post-thumbnail","6":"product_cat-entero-extra-igp-navarra","7":"product_cat-esparrago-de-navarra","9":"first","10":"instock","11":"shipping-taxable","12":"product-type-simple"},"_links":{"self":[{"href":"https:\/\/www.dantza.com\/fr\/wp-json\/wp\/v2\/product\/1210","targetHints":{"allow":["GET"]}}],"collection":[{"href":"https:\/\/www.dantza.com\/fr\/wp-json\/wp\/v2\/product"}],"about":[{"href":"https:\/\/www.dantza.com\/fr\/wp-json\/wp\/v2\/types\/product"}],"wp:featuredmedia":[{"embeddable":true,"href":"https:\/\/www.dantza.com\/fr\/wp-json\/wp\/v2\/media\/3051"}],"wp:attachment":[{"href":"https:\/\/www.dantza.com\/fr\/wp-json\/wp\/v2\/media?parent=1210"}],"wp:term":[{"taxonomy":"product_brand","embeddable":true,"href":"https:\/\/www.dantza.com\/fr\/wp-json\/wp\/v2\/product_brand?post=1210"},{"taxonomy":"product_cat","embeddable":true,"href":"https:\/\/www.dantza.com\/fr\/wp-json\/wp\/v2\/product_cat?post=1210"},{"taxonomy":"product_tag","embeddable":true,"href":"https:\/\/www.dantza.com\/fr\/wp-json\/wp\/v2\/product_tag?post=1210"}],"curies":[{"name":"wp","href":"https:\/\/api.w.org\/{rel}","templated":true}]}}