{"id":3426,"date":"2023-06-14T08:16:11","date_gmt":"2023-06-14T08:16:11","guid":{"rendered":"https:\/\/www.dantza.com\/?post_type=product&#038;p=3426"},"modified":"2025-12-17T15:52:56","modified_gmt":"2025-12-17T15:52:56","slug":"esparrago-m-580-bio","status":"publish","type":"product","link":"https:\/\/www.dantza.com\/fr\/produit\/esparrago-m-580-bio\/","title":{"rendered":"Esp\u00e1rrago M-580 BIO"},"content":{"rendered":"","protected":false},"excerpt":{"rendered":"<h5>Esp\u00e1rrago M-580 BIO<\/h5>\n<p data-start=\"260\" data-end=\"485\">Nuestro <strong data-start=\"268\" data-end=\"292\">esp\u00e1rrago blanco BIO<\/strong> se elabora a partir de <a href=\"https:\/\/www.dantza.com\/fr\/productos\/esparrago-do-navarra-extra\/\"><strong data-start=\"316\" data-end=\"355\">esp\u00e1rragos ecol\u00f3gicos seleccionados<\/strong><\/a>, recolectados en su punto \u00f3ptimo y elaborados cuidadosamente para conservar su textura tierna, su sabor suave y su color natural.<\/p>\n<p data-start=\"487\" data-end=\"695\">Este <strong data-start=\"492\" data-end=\"517\">esp\u00e1rrago en conserva<\/strong> destaca por su delicadeza y calidad, siendo una opci\u00f3n ideal para quienes buscan disfrutar del aut\u00e9ntico esp\u00e1rrago durante todo el a\u00f1o, con la garant\u00eda de un producto ecol\u00f3gico.<\/p>\n<h3 data-start=\"697\" data-end=\"736\">Esp\u00e1rrago ecol\u00f3gico de alta calidad<\/h3>\n<p data-start=\"737\" data-end=\"955\">El <strong data-start=\"740\" data-end=\"753\">esp\u00e1rrago<\/strong> Dantza procede de <strong data-start=\"772\" data-end=\"809\">agricultura ecol\u00f3gica certificada<\/strong>, sin aditivos ni conservantes artificiales. Un producto natural que respeta las cualidades del esp\u00e1rrago fresco y mantiene todas sus propiedades.<\/p>\n<h3 data-start=\"957\" data-end=\"992\">Vers\u00e1til y listo para disfrutar<\/h3>\n<p data-start=\"993\" data-end=\"1069\">Gracias a su textura y sabor equilibrado, el <strong data-start=\"1038\" data-end=\"1051\">esp\u00e1rrago<\/strong> es perfecto para:<\/p>\n<ul data-start=\"1070\" data-end=\"1237\">\n<li data-start=\"1070\" data-end=\"1121\">\n<p data-start=\"1072\" data-end=\"1121\">Consumir directamente como entrante o aperitivo<\/p>\n<\/li>\n<li data-start=\"1122\" data-end=\"1156\">\n<p data-start=\"1124\" data-end=\"1156\">En ensaladas fr\u00edas o templadas<\/p>\n<\/li>\n<li data-start=\"1157\" data-end=\"1197\">\n<p data-start=\"1159\" data-end=\"1197\">Como guarnici\u00f3n de pescados y carnes<\/p>\n<\/li>\n<li data-start=\"1198\" data-end=\"1237\">\n<p data-start=\"1200\" data-end=\"1237\">En recetas tradicionales y modernas<\/p>\n<\/li>\n<\/ul>\n<h3 data-start=\"1239\" data-end=\"1272\">Elaboraci\u00f3n respetuosa Dantza<\/h3>\n<p data-start=\"1273\" data-end=\"1436\">En Dantza elaboramos nuestro <strong data-start=\"1302\" data-end=\"1319\">esp\u00e1rrago BIO<\/strong> con procesos respetuosos y materias primas seleccionadas, ofreciendo una conserva de alta calidad y sabor aut\u00e9ntico.<\/p>","protected":false},"featured_media":3421,"template":"","meta":[],"product_brand":[],"product_cat":[82],"product_tag":[],"class_list":{"0":"post-3426","1":"product","2":"type-product","3":"status-publish","4":"has-post-thumbnail","6":"product_cat-esparrago","8":"first","9":"instock","10":"shipping-taxable","11":"product-type-simple"},"_links":{"self":[{"href":"https:\/\/www.dantza.com\/fr\/wp-json\/wp\/v2\/product\/3426","targetHints":{"allow":["GET"]}}],"collection":[{"href":"https:\/\/www.dantza.com\/fr\/wp-json\/wp\/v2\/product"}],"about":[{"href":"https:\/\/www.dantza.com\/fr\/wp-json\/wp\/v2\/types\/product"}],"wp:featuredmedia":[{"embeddable":true,"href":"https:\/\/www.dantza.com\/fr\/wp-json\/wp\/v2\/media\/3421"}],"wp:attachment":[{"href":"https:\/\/www.dantza.com\/fr\/wp-json\/wp\/v2\/media?parent=3426"}],"wp:term":[{"taxonomy":"product_brand","embeddable":true,"href":"https:\/\/www.dantza.com\/fr\/wp-json\/wp\/v2\/product_brand?post=3426"},{"taxonomy":"product_cat","embeddable":true,"href":"https:\/\/www.dantza.com\/fr\/wp-json\/wp\/v2\/product_cat?post=3426"},{"taxonomy":"product_tag","embeddable":true,"href":"https:\/\/www.dantza.com\/fr\/wp-json\/wp\/v2\/product_tag?post=3426"}],"curies":[{"name":"wp","href":"https:\/\/api.w.org\/{rel}","templated":true}]}}