{"id":3597,"date":"2024-05-02T10:25:28","date_gmt":"2024-05-02T10:25:28","guid":{"rendered":"https:\/\/www.dantza.com\/?post_type=product&#038;p=3597"},"modified":"2025-12-17T11:04:17","modified_gmt":"2025-12-17T11:04:17","slug":"alcachofa-de-tudela-f-445","status":"publish","type":"product","link":"https:\/\/www.dantza.com\/fr\/produit\/alcachofa-de-tudela-f-445\/","title":{"rendered":"Alcachofa de Tudela F-445"},"content":{"rendered":"","protected":false},"excerpt":{"rendered":"<h5>Alcachofa de Tudela F-445 (Enteras)<\/h5>\n<p data-start=\"456\" data-end=\"777\">Nuestra <strong data-start=\"464\" data-end=\"487\">alcachofa de Tudela<\/strong> se elabora a partir de <strong data-start=\"511\" data-end=\"547\">alcachofas frescas seleccionadas<\/strong>, procedentes de la Ribera de Navarra, una zona reconocida por la calidad excepcional de esta hortaliza. Recolectadas en su punto \u00f3ptimo y elaboradas con un proceso cuidadoso, conservan su textura tierna y su sabor caracter\u00edstico.<\/p>\n<p data-start=\"779\" data-end=\"1037\">La <strong data-start=\"782\" data-end=\"817\">alcachofa de Tudela en conserva<\/strong> es apreciada por su coraz\u00f3n carnoso, hojas suaves y un gusto delicado, ligeramente dulce y sin amargor. Un producto de alta calidad, ideal para quienes buscan el aut\u00e9ntico sabor de la huerta navarra durante todo el a\u00f1o.<\/p>\n<h3 data-start=\"1039\" data-end=\"1085\">Origen y calidad de la alcachofa de Tudela<\/h3>\n<p data-start=\"1086\" data-end=\"1332\">La <strong data-start=\"1089\" data-end=\"1112\">alcachofa de Tudela<\/strong> destaca por su forma redondeada, tama\u00f1o compacto y gran ternura. En Dantza seleccionamos \u00fanicamente las mejores piezas, elaboradas poco despu\u00e9s de la recolecci\u00f3n para garantizar una conserva natural y de m\u00e1xima calidad.<\/p>\n<h3 data-start=\"1334\" data-end=\"1359\">Vers\u00e1til en la cocina<\/h3>\n<p data-start=\"1360\" data-end=\"1434\">Gracias a su textura y sabor, la <strong data-start=\"1393\" data-end=\"1416\">alcachofa de Tudela<\/strong> es perfecta para:<\/p>\n<ul data-start=\"1435\" data-end=\"1592\">\n<li data-start=\"1435\" data-end=\"1487\">\n<p data-start=\"1437\" data-end=\"1487\">Consumir directamente como entrante o guarnici\u00f3n<\/p>\n<\/li>\n<li data-start=\"1488\" data-end=\"1522\">\n<p data-start=\"1490\" data-end=\"1522\">Salteados y platos de verduras<\/p>\n<\/li>\n<li data-start=\"1523\" data-end=\"1557\">\n<p data-start=\"1525\" data-end=\"1557\">Guisos y recetas tradicionales<\/p>\n<\/li>\n<li data-start=\"1558\" data-end=\"1592\">\n<p data-start=\"1560\" data-end=\"1592\">En ensaladas templadas o fr\u00edas<\/p>\n<\/li>\n<\/ul>\n<h3 data-start=\"1594\" data-end=\"1620\">Elaboraci\u00f3n respetuosa<\/h3>\n<p data-start=\"1621\" data-end=\"1804\">Nuestra <a href=\"https:\/\/www.dantza.com\/fr\/productos\/alcachofa-de-tudela\/\"><strong data-start=\"1629\" data-end=\"1664\">alcachofa de Tudela en conserva<\/strong><\/a> se elabora sin procesos agresivos, respetando el producto original para mantener todas sus cualidades organol\u00e9pticas y su car\u00e1cter natural.<\/p>","protected":false},"featured_media":3598,"template":"","meta":[],"product_brand":[],"product_cat":[53,94,68,50,72],"product_tag":[],"class_list":{"0":"post-3597","1":"product","2":"type-product","3":"status-publish","4":"has-post-thumbnail","6":"product_cat-alcachofa","7":"product_cat-alcachofa-de-tudela","8":"product_cat-serie-oro","9":"product_cat-verdura","10":"product_cat-verdura-serie-oro","12":"first","13":"instock","14":"shipping-taxable","15":"product-type-simple"},"_links":{"self":[{"href":"https:\/\/www.dantza.com\/fr\/wp-json\/wp\/v2\/product\/3597","targetHints":{"allow":["GET"]}}],"collection":[{"href":"https:\/\/www.dantza.com\/fr\/wp-json\/wp\/v2\/product"}],"about":[{"href":"https:\/\/www.dantza.com\/fr\/wp-json\/wp\/v2\/types\/product"}],"wp:featuredmedia":[{"embeddable":true,"href":"https:\/\/www.dantza.com\/fr\/wp-json\/wp\/v2\/media\/3598"}],"wp:attachment":[{"href":"https:\/\/www.dantza.com\/fr\/wp-json\/wp\/v2\/media?parent=3597"}],"wp:term":[{"taxonomy":"product_brand","embeddable":true,"href":"https:\/\/www.dantza.com\/fr\/wp-json\/wp\/v2\/product_brand?post=3597"},{"taxonomy":"product_cat","embeddable":true,"href":"https:\/\/www.dantza.com\/fr\/wp-json\/wp\/v2\/product_cat?post=3597"},{"taxonomy":"product_tag","embeddable":true,"href":"https:\/\/www.dantza.com\/fr\/wp-json\/wp\/v2\/product_tag?post=3597"}],"curies":[{"name":"wp","href":"https:\/\/api.w.org\/{rel}","templated":true}]}}