{"id":3635,"date":"2024-07-18T03:22:45","date_gmt":"2024-07-18T03:22:45","guid":{"rendered":"https:\/\/www.dantza.com\/?post_type=product&#038;p=3635"},"modified":"2025-12-17T10:59:21","modified_gmt":"2025-12-17T10:59:21","slug":"tomate-entero-lata-1-2kg-bio","status":"publish","type":"product","link":"https:\/\/www.dantza.com\/fr\/produit\/tomate-entero-lata-1-2kg-bio\/","title":{"rendered":"Tomate Entero Lata 1\/2Kg BIO"},"content":{"rendered":"","protected":false},"excerpt":{"rendered":"<h5>Tomate Entero Lata 1\/2Kg BIO<\/h5>\n<p data-start=\"506\" data-end=\"738\">Nuestro <strong data-start=\"514\" data-end=\"543\">tomate entero en lata BIO<\/strong> est\u00e1 elaborado con <strong data-start=\"563\" data-end=\"599\">tomates ecol\u00f3gicos seleccionados<\/strong>, recolectados en su punto \u00f3ptimo de maduraci\u00f3n y conservados cuidadosamente para mantener su sabor natural, color intenso y textura firme.<\/p>\n<p data-start=\"740\" data-end=\"961\">Esta <strong data-start=\"745\" data-end=\"770\">lata de tomate entero<\/strong> de <strong data-start=\"774\" data-end=\"784\">1,2 kg<\/strong> es ideal tanto para uso dom\u00e9stico como profesional, ofreciendo un producto vers\u00e1til y de alta calidad que permite triturar, trocear o utilizar el tomate entero seg\u00fan la receta.<\/p>\n<h3 data-start=\"963\" data-end=\"1001\">Tomate entero ecol\u00f3gico de calidad<\/h3>\n<p data-start=\"1002\" data-end=\"1266\">El <strong data-start=\"1005\" data-end=\"1030\">tomate entero en lata<\/strong> Dantza procede de <strong data-start=\"1049\" data-end=\"1082\">cultivo ecol\u00f3gico certificado<\/strong>, sin aditivos ni conservantes artificiales. Un producto natural que respeta el sabor aut\u00e9ntico del tomate fresco y cumple con los est\u00e1ndares m\u00e1s exigentes de la agricultura ecol\u00f3gica.<\/p>\n<h3 data-start=\"1268\" data-end=\"1303\">Ideal para todo tipo de recetas<\/h3>\n<p data-start=\"1304\" data-end=\"1398\">Gracias a su textura firme y sabor equilibrado, el <strong data-start=\"1355\" data-end=\"1380\">tomate entero en lata<\/strong> es perfecto para:<\/p>\n<ul data-start=\"1399\" data-end=\"1513\">\n<li data-start=\"1399\" data-end=\"1427\">\n<p data-start=\"1401\" data-end=\"1427\">Salsas de tomate caseras<\/p>\n<\/li>\n<li data-start=\"1428\" data-end=\"1449\">\n<p data-start=\"1430\" data-end=\"1449\">Sofritos y guisos<\/p>\n<\/li>\n<li data-start=\"1450\" data-end=\"1477\">\n<p data-start=\"1452\" data-end=\"1477\">Platos de pasta y pizza<\/p>\n<\/li>\n<li data-start=\"1478\" data-end=\"1513\">\n<p data-start=\"1480\" data-end=\"1513\">Arroces y recetas tradicionales<\/p>\n<\/li>\n<\/ul>\n<h3 data-start=\"1515\" data-end=\"1536\">Compromiso Dantza<\/h3>\n<p data-start=\"1537\" data-end=\"1730\">En Dantza elaboramos nuestras conservas con procesos respetuosos y materias primas seleccionadas, ofreciendo <strong data-start=\"1646\" data-end=\"1675\">tomate entero en lata BIO<\/strong> que conserva todas las cualidades del producto fresco.<\/p>","protected":false},"featured_media":3632,"template":"","meta":[],"product_brand":[],"product_cat":[75,80],"product_tag":[],"class_list":{"0":"post-3635","1":"product","2":"type-product","3":"status-publish","4":"has-post-thumbnail","6":"product_cat-bio-tomate","7":"product_cat-tomate-bio","9":"first","10":"instock","11":"shipping-taxable","12":"product-type-simple"},"_links":{"self":[{"href":"https:\/\/www.dantza.com\/fr\/wp-json\/wp\/v2\/product\/3635","targetHints":{"allow":["GET"]}}],"collection":[{"href":"https:\/\/www.dantza.com\/fr\/wp-json\/wp\/v2\/product"}],"about":[{"href":"https:\/\/www.dantza.com\/fr\/wp-json\/wp\/v2\/types\/product"}],"wp:featuredmedia":[{"embeddable":true,"href":"https:\/\/www.dantza.com\/fr\/wp-json\/wp\/v2\/media\/3632"}],"wp:attachment":[{"href":"https:\/\/www.dantza.com\/fr\/wp-json\/wp\/v2\/media?parent=3635"}],"wp:term":[{"taxonomy":"product_brand","embeddable":true,"href":"https:\/\/www.dantza.com\/fr\/wp-json\/wp\/v2\/product_brand?post=3635"},{"taxonomy":"product_cat","embeddable":true,"href":"https:\/\/www.dantza.com\/fr\/wp-json\/wp\/v2\/product_cat?post=3635"},{"taxonomy":"product_tag","embeddable":true,"href":"https:\/\/www.dantza.com\/fr\/wp-json\/wp\/v2\/product_tag?post=3635"}],"curies":[{"name":"wp","href":"https:\/\/api.w.org\/{rel}","templated":true}]}}